{"id":76,"date":"2020-06-11T11:44:24","date_gmt":"2020-06-11T11:44:24","guid":{"rendered":"http:\/\/mryed.com\/?page_id=76"},"modified":"2020-06-11T11:45:24","modified_gmt":"2020-06-11T11:45:24","slug":"portfolio","status":"publish","type":"page","link":"https:\/\/mryed.com\/en\/portfolio\/","title":{"rendered":"Portfolio"},"content":{"rendered":"\t\t<div data-elementor-type=\"wp-page\" data-elementor-id=\"76\" class=\"elementor elementor-76\" data-elementor-settings=\"[]\">\n\t\t\t\t\t\t<div class=\"elementor-inner\">\n\t\t\t\t\t\t\t<div class=\"elementor-section-wrap\">\n\t\t\t\t\t\t\t<section class=\"elementor-section elementor-top-section elementor-element elementor-element-59737d4 elementor-section-boxed elementor-section-height-default elementor-section-height-default\" data-id=\"59737d4\" data-element_type=\"section\">\n\t\t\t\t\t\t<div class=\"elementor-container elementor-column-gap-default\">\n\t\t\t\t\t\t\t<div class=\"elementor-row\">\n\t\t\t\t\t<div class=\"elementor-column elementor-col-100 elementor-top-column elementor-element elementor-element-adf3f58\" data-id=\"adf3f58\" data-element_type=\"column\">\n\t\t\t<div class=\"elementor-column-wrap elementor-element-populated\">\n\t\t\t\t\t\t\t<div class=\"elementor-widget-wrap\">\n\t\t\t\t\t\t<div class=\"elementor-element elementor-element-ceb60c7 elementor-widget elementor-widget-breezycv-portfolio\" data-id=\"ceb60c7\" data-element_type=\"widget\" data-widget_type=\"breezycv-portfolio.default\">\n\t\t\t\t<div class=\"elementor-widget-container\">\n\t\t\t                        \n\t\t    <!-- Portfolio Content -->\n\t\t    <div id=\"portfolio_content_ceb60c7\" class=\"portfolio-content\" data-categories=\"77,78\">\n\n\t\t        \t\t            <ul class=\"portfolio-filters\">\n\t\t                <li class=\"active\">\n\t\t                    <a class=\"filter btn btn-sm btn-link\" data-group=\"category_all\">All<\/a>\n\t\t                <\/li>\n\t\t                \t\t                    <li>\n\t\t                        <a class=\"filter btn btn-sm btn-link\" data-group=\"category_etkinlik\">Etkinlikler<\/a>\n\t\t                    <\/li>\n\t\t                \t\t                    <li>\n\t\t                        <a class=\"filter btn btn-sm btn-link\" data-group=\"category_projeler\">Projeler<\/a>\n\t\t                    <\/li>\n\t\t                \t\t            <\/ul>\n\t\t        \n\t\t        \n\t\t        <!-- Portfolio Grid -->\n\t\t        <div class=\"portfolio-grid three-columns\" data-pages-num=\"0\">\n\n\t\t        \t\t                        <!-- Portfolio Item 861 -->\n\t\t                        <figure class=\"item standard\" data-groups='[\"category_all\", &quot;category_projeler&quot;]'>\n\t\t                            <div class=\"portfolio-item-img\">\n\t\t                            <img loading=\"lazy\" decoding=\"async\" width=\"1000\" height=\"600\" src=\"https:\/\/mryed.com\/wp-content\/uploads\/2024\/01\/ucretsiz-ik-uygulamasi.jpg\" class=\"attachment-portfolio-image-three-c size-portfolio-image-three-c wp-post-image\" alt=\"IK Platformu Uygulamas\u0131\" title=\"\" srcset=\"https:\/\/mryed.com\/wp-content\/uploads\/2024\/01\/ucretsiz-ik-uygulamasi.jpg 1000w, https:\/\/mryed.com\/wp-content\/uploads\/2024\/01\/ucretsiz-ik-uygulamasi-300x180.jpg 300w, https:\/\/mryed.com\/wp-content\/uploads\/2024\/01\/ucretsiz-ik-uygulamasi-768x461.jpg 768w, https:\/\/mryed.com\/wp-content\/uploads\/2024\/01\/ucretsiz-ik-uygulamasi-18x12.jpg 18w\" sizes=\"auto, (max-width: 768px) 92vw, (max-width: 992px) 450px, (max-width: 1200px) 597px, 25vw\" \/>\n\t\t                            \t\t                                        \t\t                                        <a href=\"https:\/\/mryed.com\/en\/proje\/ik-platformu-uygulamasi\/\" class=\"ajax-page-load\"><\/a>\n\t\t                                        \t\t                                    \t\t                            <!-- \/Image -->\n\t\t                            <\/div>\n\n\t\t                            <i class=\"fa fa-file-text-o\"><\/i>\n\n\t\t                            \n\t\t                            <h4 class=\"name\">IK Platformu Uygulamas\u0131<\/h4>\n\t\t                            <span class=\"category\">Projeler<\/span>\n\t\t                        <\/figure>\n\t\t                        <!-- \/Portfolio Item 861 -->\n\t\t                    \t\t                        <!-- Portfolio Item 697 -->\n\t\t                        <figure class=\"item standard\" data-groups='[\"category_all\", &quot;category_projeler&quot;]'>\n\t\t                            <div class=\"portfolio-item-img\">\n\t\t                            <img loading=\"lazy\" decoding=\"async\" width=\"1000\" height=\"600\" src=\"https:\/\/mryed.com\/wp-content\/uploads\/2023\/02\/flutter-b2b-app.jpg\" class=\"attachment-portfolio-image-three-c size-portfolio-image-three-c wp-post-image\" alt=\"Gordios Hal\u0131 B2B Mobil Uygulama\" title=\"\" srcset=\"https:\/\/mryed.com\/wp-content\/uploads\/2023\/02\/flutter-b2b-app.jpg 1000w, https:\/\/mryed.com\/wp-content\/uploads\/2023\/02\/flutter-b2b-app-300x180.jpg 300w, https:\/\/mryed.com\/wp-content\/uploads\/2023\/02\/flutter-b2b-app-768x461.jpg 768w\" sizes=\"auto, (max-width: 768px) 92vw, (max-width: 992px) 450px, (max-width: 1200px) 597px, 25vw\" \/>\n\t\t                            \t\t                                        \t\t                                        <a href=\"https:\/\/mryed.com\/en\/proje\/b2b-mobil-uygulama\/\" class=\"ajax-page-load\"><\/a>\n\t\t                                        \t\t                                    \t\t                            <!-- \/Image -->\n\t\t                            <\/div>\n\n\t\t                            <i class=\"fa fa-file-text-o\"><\/i>\n\n\t\t                            \n\t\t                            <h4 class=\"name\">Gordios Hal\u0131 B2B Mobil Uygulama<\/h4>\n\t\t                            <span class=\"category\">Projeler<\/span>\n\t\t                        <\/figure>\n\t\t                        <!-- \/Portfolio Item 697 -->\n\t\t                    \t\t                        <!-- Portfolio Item 682 -->\n\t\t                        <figure class=\"item standard\" data-groups='[\"category_all\", &quot;category_etkinlik&quot;]'>\n\t\t                            <div class=\"portfolio-item-img\">\n\t\t                            <img loading=\"lazy\" decoding=\"async\" width=\"1000\" height=\"600\" src=\"https:\/\/mryed.com\/wp-content\/uploads\/2022\/12\/cloudfest-izmir.jpg\" class=\"attachment-portfolio-image-three-c size-portfolio-image-three-c wp-post-image\" alt=\"CloudFest&#8217;22 \u0130zmir Etkinli\u011fi\" title=\"\" srcset=\"https:\/\/mryed.com\/wp-content\/uploads\/2022\/12\/cloudfest-izmir.jpg 1000w, https:\/\/mryed.com\/wp-content\/uploads\/2022\/12\/cloudfest-izmir-300x180.jpg 300w, https:\/\/mryed.com\/wp-content\/uploads\/2022\/12\/cloudfest-izmir-768x461.jpg 768w\" sizes=\"auto, (max-width: 768px) 92vw, (max-width: 992px) 450px, (max-width: 1200px) 597px, 25vw\" \/>\n\t\t                            \t\t                                        \t\t                                        <a href=\"https:\/\/mryed.com\/en\/proje\/cloudfest-izmir\/\" class=\"ajax-page-load\"><\/a>\n\t\t                                        \t\t                                    \t\t                            <!-- \/Image -->\n\t\t                            <\/div>\n\n\t\t                            <i class=\"fa fa-file-text-o\"><\/i>\n\n\t\t                            \n\t\t                            <h4 class=\"name\">CloudFest&#8217;22 \u0130zmir Etkinli\u011fi<\/h4>\n\t\t                            <span class=\"category\">Etkinlikler<\/span>\n\t\t                        <\/figure>\n\t\t                        <!-- \/Portfolio Item 682 -->\n\t\t                    \t\t                        <!-- Portfolio Item 669 -->\n\t\t                        <figure class=\"item standard\" data-groups='[\"category_all\", &quot;category_etkinlik&quot;]'>\n\t\t                            <div class=\"portfolio-item-img\">\n\t\t                            <img loading=\"lazy\" decoding=\"async\" width=\"1000\" height=\"600\" src=\"https:\/\/mryed.com\/wp-content\/uploads\/2022\/12\/devfest-2022-izmir-gdg.jpg\" class=\"attachment-portfolio-image-three-c size-portfolio-image-three-c wp-post-image\" alt=\"Google Developer Groups DevFest&#8217;22 \u0130zmir Etkinli\u011fi\" title=\"\" srcset=\"https:\/\/mryed.com\/wp-content\/uploads\/2022\/12\/devfest-2022-izmir-gdg.jpg 1000w, https:\/\/mryed.com\/wp-content\/uploads\/2022\/12\/devfest-2022-izmir-gdg-300x180.jpg 300w, https:\/\/mryed.com\/wp-content\/uploads\/2022\/12\/devfest-2022-izmir-gdg-768x461.jpg 768w\" sizes=\"auto, (max-width: 768px) 92vw, (max-width: 992px) 450px, (max-width: 1200px) 597px, 25vw\" \/>\n\t\t                            \t\t                                        \t\t                                        <a href=\"https:\/\/mryed.com\/en\/proje\/devfest-2022-izmir\/\" class=\"ajax-page-load\"><\/a>\n\t\t                                        \t\t                                    \t\t                            <!-- \/Image -->\n\t\t                            <\/div>\n\n\t\t                            <i class=\"fa fa-file-text-o\"><\/i>\n\n\t\t                            \n\t\t                            <h4 class=\"name\">Google Developer Groups DevFest&#8217;22 \u0130zmir Etkinli\u011fi<\/h4>\n\t\t                            <span class=\"category\">Etkinlikler<\/span>\n\t\t                        <\/figure>\n\t\t                        <!-- \/Portfolio Item 669 -->\n\t\t                    \t\t                        <!-- Portfolio Item 661 -->\n\t\t                        <figure class=\"item standard\" data-groups='[\"category_all\", &quot;category_etkinlik&quot;]'>\n\t\t                            <div class=\"portfolio-item-img\">\n\t\t                            <img loading=\"lazy\" decoding=\"async\" width=\"1000\" height=\"600\" src=\"https:\/\/mryed.com\/wp-content\/uploads\/2022\/12\/Simply-Deliver-Bootcamp.jpg\" class=\"attachment-portfolio-image-three-c size-portfolio-image-three-c wp-post-image\" alt=\"Simply Deliver Bootcamp\" title=\"\" srcset=\"https:\/\/mryed.com\/wp-content\/uploads\/2022\/12\/Simply-Deliver-Bootcamp.jpg 1000w, https:\/\/mryed.com\/wp-content\/uploads\/2022\/12\/Simply-Deliver-Bootcamp-300x180.jpg 300w, https:\/\/mryed.com\/wp-content\/uploads\/2022\/12\/Simply-Deliver-Bootcamp-768x461.jpg 768w\" sizes=\"auto, (max-width: 768px) 92vw, (max-width: 992px) 450px, (max-width: 1200px) 597px, 25vw\" \/>\n\t\t                            \t\t                                        \t\t                                        <a href=\"https:\/\/mryed.com\/en\/proje\/simply-eliver-bootcamp\/\" class=\"ajax-page-load\"><\/a>\n\t\t                                        \t\t                                    \t\t                            <!-- \/Image -->\n\t\t                            <\/div>\n\n\t\t                            <i class=\"fa fa-file-text-o\"><\/i>\n\n\t\t                            \n\t\t                            <h4 class=\"name\">Simply Deliver Bootcamp<\/h4>\n\t\t                            <span class=\"category\">Etkinlikler<\/span>\n\t\t                        <\/figure>\n\t\t                        <!-- \/Portfolio Item 661 -->\n\t\t                    \t\t                        <!-- Portfolio Item 647 -->\n\t\t                        <figure class=\"item standard\" data-groups='[\"category_all\", &quot;category_projeler&quot;]'>\n\t\t                            <div class=\"portfolio-item-img\">\n\t\t                            <img loading=\"lazy\" decoding=\"async\" width=\"1000\" height=\"600\" src=\"https:\/\/mryed.com\/wp-content\/uploads\/2022\/12\/flutter-mysql-baglanti.jpg\" class=\"attachment-portfolio-image-three-c size-portfolio-image-three-c wp-post-image\" alt=\"Flutter MySQL Projesi &#8211; ESP32 ile Veri \u00c7ekme\" title=\"\" srcset=\"https:\/\/mryed.com\/wp-content\/uploads\/2022\/12\/flutter-mysql-baglanti.jpg 1000w, https:\/\/mryed.com\/wp-content\/uploads\/2022\/12\/flutter-mysql-baglanti-300x180.jpg 300w, https:\/\/mryed.com\/wp-content\/uploads\/2022\/12\/flutter-mysql-baglanti-768x461.jpg 768w\" sizes=\"auto, (max-width: 768px) 92vw, (max-width: 992px) 450px, (max-width: 1200px) 597px, 25vw\" \/>\n\t\t                            \t\t                                        \t\t                                        <a href=\"https:\/\/mryed.com\/en\/proje\/flutter-mysql-projesi\/\" class=\"ajax-page-load\"><\/a>\n\t\t                                        \t\t                                    \t\t                            <!-- \/Image -->\n\t\t                            <\/div>\n\n\t\t                            <i class=\"fa fa-file-text-o\"><\/i>\n\n\t\t                            \n\t\t                            <h4 class=\"name\">Flutter MySQL Projesi &#8211; ESP32 ile Veri \u00c7ekme<\/h4>\n\t\t                            <span class=\"category\">Projeler<\/span>\n\t\t                        <\/figure>\n\t\t                        <!-- \/Portfolio Item 647 -->\n\t\t                    \t\t                        <!-- Portfolio Item 643 -->\n\t\t                        <figure class=\"item standard\" data-groups='[\"category_all\", &quot;category_etkinlik&quot;]'>\n\t\t                            <div class=\"portfolio-item-img\">\n\t\t                            <img loading=\"lazy\" decoding=\"async\" width=\"1000\" height=\"600\" src=\"https:\/\/mryed.com\/wp-content\/uploads\/2022\/11\/eticaret-tedarik-zinciri.jpg\" class=\"attachment-portfolio-image-three-c size-portfolio-image-three-c wp-post-image\" alt=\"E-Ticarette Tedarik Zinciri Y\u00f6netimi\" title=\"\" srcset=\"https:\/\/mryed.com\/wp-content\/uploads\/2022\/11\/eticaret-tedarik-zinciri.jpg 1000w, https:\/\/mryed.com\/wp-content\/uploads\/2022\/11\/eticaret-tedarik-zinciri-300x180.jpg 300w, https:\/\/mryed.com\/wp-content\/uploads\/2022\/11\/eticaret-tedarik-zinciri-768x461.jpg 768w\" sizes=\"auto, (max-width: 768px) 92vw, (max-width: 992px) 450px, (max-width: 1200px) 597px, 25vw\" \/>\n\t\t                            \t\t                                        \t\t                                        <a href=\"https:\/\/mryed.com\/en\/proje\/tedarik-zinciri-yonetimi\/\" class=\"ajax-page-load\"><\/a>\n\t\t                                        \t\t                                    \t\t                            <!-- \/Image -->\n\t\t                            <\/div>\n\n\t\t                            <i class=\"fa fa-file-text-o\"><\/i>\n\n\t\t                            \n\t\t                            <h4 class=\"name\">E-Ticarette Tedarik Zinciri Y\u00f6netimi<\/h4>\n\t\t                            <span class=\"category\">Etkinlikler<\/span>\n\t\t                        <\/figure>\n\t\t                        <!-- \/Portfolio Item 643 -->\n\t\t                    \t\t                        <!-- Portfolio Item 631 -->\n\t\t                        <figure class=\"item standard\" data-groups='[\"category_all\", &quot;category_etkinlik&quot;]'>\n\t\t                            <div class=\"portfolio-item-img\">\n\t\t                            <img loading=\"lazy\" decoding=\"async\" width=\"1000\" height=\"600\" src=\"https:\/\/mryed.com\/wp-content\/uploads\/2022\/11\/ihracatta-kdv-istisnasi-egitimi.jpg\" class=\"attachment-portfolio-image-three-c size-portfolio-image-three-c wp-post-image\" alt=\"\u0130hracatta Kdv \u0130stisnas\u0131 ve \u0130\u015flemleri\" title=\"\" srcset=\"https:\/\/mryed.com\/wp-content\/uploads\/2022\/11\/ihracatta-kdv-istisnasi-egitimi.jpg 1000w, https:\/\/mryed.com\/wp-content\/uploads\/2022\/11\/ihracatta-kdv-istisnasi-egitimi-300x180.jpg 300w, https:\/\/mryed.com\/wp-content\/uploads\/2022\/11\/ihracatta-kdv-istisnasi-egitimi-768x461.jpg 768w\" sizes=\"auto, (max-width: 768px) 92vw, (max-width: 992px) 450px, (max-width: 1200px) 597px, 25vw\" \/>\n\t\t                            \t\t                                        \t\t                                        <a href=\"https:\/\/mryed.com\/en\/proje\/ihracatta-kdv-istisnasi\/\" class=\"ajax-page-load\"><\/a>\n\t\t                                        \t\t                                    \t\t                            <!-- \/Image -->\n\t\t                            <\/div>\n\n\t\t                            <i class=\"fa fa-file-text-o\"><\/i>\n\n\t\t                            \n\t\t                            <h4 class=\"name\">\u0130hracatta Kdv \u0130stisnas\u0131 ve \u0130\u015flemleri<\/h4>\n\t\t                            <span class=\"category\">Etkinlikler<\/span>\n\t\t                        <\/figure>\n\t\t                        <!-- \/Portfolio Item 631 -->\n\t\t                    \t\t        <\/div>\n\t\t        \t\t    <\/div>\n\t\t\t\t<\/div>\n\t\t\t\t<\/div>\n\t\t\t\t\t\t<\/div>\n\t\t\t\t\t<\/div>\n\t\t<\/div>\n\t\t\t\t\t\t\t\t<\/div>\n\t\t\t\t\t<\/div>\n\t\t<\/section>\n\t\t\t\t\t\t<\/div>\n\t\t\t\t\t\t<\/div>\n\t\t\t\t\t<\/div>\n\t\t","protected":false},"excerpt":{"rendered":"","protected":false},"author":1,"featured_media":0,"parent":0,"menu_order":0,"comment_status":"closed","ping_status":"closed","template":"","meta":{"footnotes":""},"class_list":["post-76","page","type-page","status-publish","hentry","has-post-thumbnail"],"yoast_head":"<!-- This site is optimized with the Yoast SEO plugin v27.3 - https:\/\/yoast.com\/product\/yoast-seo-wordpress\/ -->\n<title>Portfolio - Yunus Emre<\/title>\n<meta name=\"robots\" content=\"index, follow, max-snippet:-1, max-image-preview:large, max-video-preview:-1\" \/>\n<link rel=\"canonical\" href=\"https:\/\/mryed.com\/en\/portfolio\/\" \/>\n<meta property=\"og:locale\" content=\"en_US\" \/>\n<meta property=\"og:type\" content=\"article\" \/>\n<meta property=\"og:title\" content=\"Portfolio - Yunus Emre\" \/>\n<meta property=\"og:url\" content=\"https:\/\/mryed.com\/en\/portfolio\/\" \/>\n<meta property=\"og:site_name\" content=\"Yunus Emre\" \/>\n<meta property=\"article:modified_time\" content=\"2020-06-11T11:45:24+00:00\" \/>\n<meta property=\"og:image\" content=\"https:\/\/mryed.com\/wp-content\/uploads\/2021\/03\/cropped-mryed-site-icon.png\" \/>\n\t<meta property=\"og:image:width\" content=\"512\" \/>\n\t<meta property=\"og:image:height\" content=\"512\" \/>\n\t<meta property=\"og:image:type\" content=\"image\/png\" \/>\n<meta name=\"twitter:card\" content=\"summary_large_image\" \/>\n<script type=\"application\/ld+json\" class=\"yoast-schema-graph\">{\"@context\":\"https:\\\/\\\/schema.org\",\"@graph\":[{\"@type\":\"WebPage\",\"@id\":\"https:\\\/\\\/mryed.com\\\/portfolio\\\/\",\"url\":\"https:\\\/\\\/mryed.com\\\/portfolio\\\/\",\"name\":\"Portfolio - Yunus Emre\",\"isPartOf\":{\"@id\":\"https:\\\/\\\/mryed.com\\\/#website\"},\"datePublished\":\"2020-06-11T11:44:24+00:00\",\"dateModified\":\"2020-06-11T11:45:24+00:00\",\"breadcrumb\":{\"@id\":\"https:\\\/\\\/mryed.com\\\/portfolio\\\/#breadcrumb\"},\"inLanguage\":\"en-US\",\"potentialAction\":[{\"@type\":\"ReadAction\",\"target\":[\"https:\\\/\\\/mryed.com\\\/portfolio\\\/\"]}]},{\"@type\":\"BreadcrumbList\",\"@id\":\"https:\\\/\\\/mryed.com\\\/portfolio\\\/#breadcrumb\",\"itemListElement\":[{\"@type\":\"ListItem\",\"position\":1,\"name\":\"Anasayfa\",\"item\":\"https:\\\/\\\/mryed.com\\\/\"},{\"@type\":\"ListItem\",\"position\":2,\"name\":\"Portfolio\"}]},{\"@type\":\"WebSite\",\"@id\":\"https:\\\/\\\/mryed.com\\\/#website\",\"url\":\"https:\\\/\\\/mryed.com\\\/\",\"name\":\"Yunus Emre\",\"description\":\"Software Engineer\",\"publisher\":{\"@id\":\"https:\\\/\\\/mryed.com\\\/#\\\/schema\\\/person\\\/4bb44b3409df8d51fc489343880ffea1\"},\"potentialAction\":[{\"@type\":\"SearchAction\",\"target\":{\"@type\":\"EntryPoint\",\"urlTemplate\":\"https:\\\/\\\/mryed.com\\\/?s={search_term_string}\"},\"query-input\":{\"@type\":\"PropertyValueSpecification\",\"valueRequired\":true,\"valueName\":\"search_term_string\"}}],\"inLanguage\":\"en-US\"},{\"@type\":[\"Person\",\"Organization\"],\"@id\":\"https:\\\/\\\/mryed.com\\\/#\\\/schema\\\/person\\\/4bb44b3409df8d51fc489343880ffea1\",\"name\":\"Mr.YED\",\"image\":{\"@type\":\"ImageObject\",\"inLanguage\":\"en-US\",\"@id\":\"https:\\\/\\\/mryed.com\\\/wp-content\\\/uploads\\\/2021\\\/03\\\/yunus-emre-demirel.png\",\"url\":\"https:\\\/\\\/mryed.com\\\/wp-content\\\/uploads\\\/2021\\\/03\\\/yunus-emre-demirel.png\",\"contentUrl\":\"https:\\\/\\\/mryed.com\\\/wp-content\\\/uploads\\\/2021\\\/03\\\/yunus-emre-demirel.png\",\"width\":360,\"height\":360,\"caption\":\"Mr.YED\"},\"logo\":{\"@id\":\"https:\\\/\\\/mryed.com\\\/wp-content\\\/uploads\\\/2021\\\/03\\\/yunus-emre-demirel.png\"},\"description\":\"Mobil, web ve Microsoft tabanl\u0131 uygulamalar geli\u015ftiren bir yaz\u0131l\u0131m m\u00fchendisiyim. Kariyerim boyunca farkl\u0131 sekt\u00f6rlerde edindi\u011fim deneyimlerle \u00f6zellikle Power Platform, Power Apps, Power Automate ve kurumsal s\u00fcre\u00e7 otomasyonu konular\u0131nda uzmanla\u015ft\u0131m. Bu blogda yaz\u0131l\u0131m geli\u015ftirme, otomasyon ve Microsoft teknolojileri \u00fczerine edindi\u011fim tecr\u00fcbeleri payla\u015f\u0131yorum.\",\"sameAs\":[\"http:\\\/\\\/mryed.com\",\"https:\\\/\\\/www.linkedin.com\\\/in\\\/yunus-emre-demirel\\\/\"]}]}<\/script>\n<!-- \/ Yoast SEO plugin. -->","yoast_head_json":{"title":"Portfolio - Yunus Emre","robots":{"index":"index","follow":"follow","max-snippet":"max-snippet:-1","max-image-preview":"max-image-preview:large","max-video-preview":"max-video-preview:-1"},"canonical":"https:\/\/mryed.com\/en\/portfolio\/","og_locale":"en_US","og_type":"article","og_title":"Portfolio - Yunus Emre","og_url":"https:\/\/mryed.com\/en\/portfolio\/","og_site_name":"Yunus Emre","article_modified_time":"2020-06-11T11:45:24+00:00","og_image":[{"width":512,"height":512,"url":"https:\/\/mryed.com\/wp-content\/uploads\/2021\/03\/cropped-mryed-site-icon.png","type":"image\/png"}],"twitter_card":"summary_large_image","schema":{"@context":"https:\/\/schema.org","@graph":[{"@type":"WebPage","@id":"https:\/\/mryed.com\/portfolio\/","url":"https:\/\/mryed.com\/portfolio\/","name":"Portfolio - Yunus Emre","isPartOf":{"@id":"https:\/\/mryed.com\/#website"},"datePublished":"2020-06-11T11:44:24+00:00","dateModified":"2020-06-11T11:45:24+00:00","breadcrumb":{"@id":"https:\/\/mryed.com\/portfolio\/#breadcrumb"},"inLanguage":"en-US","potentialAction":[{"@type":"ReadAction","target":["https:\/\/mryed.com\/portfolio\/"]}]},{"@type":"BreadcrumbList","@id":"https:\/\/mryed.com\/portfolio\/#breadcrumb","itemListElement":[{"@type":"ListItem","position":1,"name":"Anasayfa","item":"https:\/\/mryed.com\/"},{"@type":"ListItem","position":2,"name":"Portfolio"}]},{"@type":"WebSite","@id":"https:\/\/mryed.com\/#website","url":"https:\/\/mryed.com\/","name":"Yunus Emre","description":"Software Engineer","publisher":{"@id":"https:\/\/mryed.com\/#\/schema\/person\/4bb44b3409df8d51fc489343880ffea1"},"potentialAction":[{"@type":"SearchAction","target":{"@type":"EntryPoint","urlTemplate":"https:\/\/mryed.com\/?s={search_term_string}"},"query-input":{"@type":"PropertyValueSpecification","valueRequired":true,"valueName":"search_term_string"}}],"inLanguage":"en-US"},{"@type":["Person","Organization"],"@id":"https:\/\/mryed.com\/#\/schema\/person\/4bb44b3409df8d51fc489343880ffea1","name":"Mr.YED","image":{"@type":"ImageObject","inLanguage":"en-US","@id":"https:\/\/mryed.com\/wp-content\/uploads\/2021\/03\/yunus-emre-demirel.png","url":"https:\/\/mryed.com\/wp-content\/uploads\/2021\/03\/yunus-emre-demirel.png","contentUrl":"https:\/\/mryed.com\/wp-content\/uploads\/2021\/03\/yunus-emre-demirel.png","width":360,"height":360,"caption":"Mr.YED"},"logo":{"@id":"https:\/\/mryed.com\/wp-content\/uploads\/2021\/03\/yunus-emre-demirel.png"},"description":"I am a software engineer who develops mobile, web, and Microsoft-based applications. Throughout my career, I have gained experience in various industries and specialized in Power Platform, Power Apps, Power Automate, and enterprise process automation. In this blog, I share my experiences in software development, automation, and Microsoft technologies.","sameAs":["http:\/\/mryed.com","https:\/\/www.linkedin.com\/in\/yunus-emre-demirel\/"]}]}},"_links":{"self":[{"href":"https:\/\/mryed.com\/en\/wp-json\/wp\/v2\/pages\/76","targetHints":{"allow":["GET"]}}],"collection":[{"href":"https:\/\/mryed.com\/en\/wp-json\/wp\/v2\/pages"}],"about":[{"href":"https:\/\/mryed.com\/en\/wp-json\/wp\/v2\/types\/page"}],"author":[{"embeddable":true,"href":"https:\/\/mryed.com\/en\/wp-json\/wp\/v2\/users\/1"}],"replies":[{"embeddable":true,"href":"https:\/\/mryed.com\/en\/wp-json\/wp\/v2\/comments?post=76"}],"version-history":[{"count":0,"href":"https:\/\/mryed.com\/en\/wp-json\/wp\/v2\/pages\/76\/revisions"}],"wp:attachment":[{"href":"https:\/\/mryed.com\/en\/wp-json\/wp\/v2\/media?parent=76"}],"curies":[{"name":"wp","href":"https:\/\/api.w.org\/{rel}","templated":true}]}}