{"id":6,"date":"2021-03-08T12:51:00","date_gmt":"2021-03-08T12:51:00","guid":{"rendered":"http:\/\/mryed.com\/?page_id=6"},"modified":"2021-03-26T23:50:49","modified_gmt":"2021-03-26T20:50:49","slug":"ana-sayfa","status":"publish","type":"page","link":"https:\/\/mryed.com\/en\/","title":{"rendered":"Ana Sayfa"},"content":{"rendered":"","protected":false},"excerpt":{"rendered":"","protected":false},"author":1,"featured_media":0,"parent":0,"menu_order":0,"comment_status":"closed","ping_status":"closed","template":"page-templates\/template-breezycv-vcard.php","meta":{"footnotes":""},"class_list":["post-6","page","type-page","status-publish","hentry"],"yoast_head":"<!-- This site is optimized with the Yoast SEO plugin v27.2 - https:\/\/yoast.com\/product\/yoast-seo-wordpress\/ -->\n<title>Yunus Emre Demirel - Ki\u015fisel Web Sitesi - MR.YED<\/title>\n<meta name=\"description\" content=\"Ben Yunus Emre Demirel. Yaz\u0131lar payla\u015farak kendime notlar al\u0131yorum . Notlar\u0131mdan faydalanabilir, hakk\u0131mda sayfas\u0131ndan beni tan\u0131yabilirsiniz.\" \/>\n<meta name=\"robots\" content=\"index, follow, max-snippet:-1, max-image-preview:large, max-video-preview:-1\" \/>\n<link rel=\"canonical\" href=\"https:\/\/mryed.com\/en\/\" \/>\n<meta property=\"og:locale\" content=\"en_US\" \/>\n<meta property=\"og:type\" content=\"article\" \/>\n<meta property=\"og:title\" content=\"Yunus Emre Demirel - Ki\u015fisel Web Sitesi - MR.YED\" \/>\n<meta property=\"og:description\" content=\"Ben Yunus Emre Demirel. Yaz\u0131lar payla\u015farak kendime notlar al\u0131yorum . Notlar\u0131mdan faydalanabilir, hakk\u0131mda sayfas\u0131ndan beni tan\u0131yabilirsiniz.\" \/>\n<meta property=\"og:url\" content=\"https:\/\/mryed.com\/en\/\" \/>\n<meta property=\"og:site_name\" content=\"Yunus Emre\" \/>\n<meta property=\"article:modified_time\" content=\"2021-03-26T20:50:49+00:00\" \/>\n<meta property=\"og:image\" content=\"https:\/\/mryed.com\/wp-content\/uploads\/2021\/03\/cropped-mryed-site-icon.png\" \/>\n\t<meta property=\"og:image:width\" content=\"512\" \/>\n\t<meta property=\"og:image:height\" content=\"512\" \/>\n\t<meta property=\"og:image:type\" content=\"image\/png\" \/>\n<meta name=\"twitter:card\" content=\"summary_large_image\" \/>\n<script type=\"application\/ld+json\" class=\"yoast-schema-graph\">{\"@context\":\"https:\/\/schema.org\",\"@graph\":[{\"@type\":\"WebPage\",\"@id\":\"https:\/\/mryed.com\/\",\"url\":\"https:\/\/mryed.com\/\",\"name\":\"Yunus Emre Demirel - Ki\u015fisel Web Sitesi - MR.YED\",\"isPartOf\":{\"@id\":\"https:\/\/mryed.com\/#website\"},\"datePublished\":\"2021-03-08T12:51:00+00:00\",\"dateModified\":\"2021-03-26T20:50:49+00:00\",\"description\":\"Ben Yunus Emre Demirel. Yaz\u0131lar payla\u015farak kendime notlar al\u0131yorum . Notlar\u0131mdan faydalanabilir, hakk\u0131mda sayfas\u0131ndan beni tan\u0131yabilirsiniz.\",\"breadcrumb\":{\"@id\":\"https:\/\/mryed.com\/#breadcrumb\"},\"inLanguage\":\"en-US\",\"potentialAction\":[{\"@type\":\"ReadAction\",\"target\":[\"https:\/\/mryed.com\/\"]}]},{\"@type\":\"BreadcrumbList\",\"@id\":\"https:\/\/mryed.com\/#breadcrumb\",\"itemListElement\":[{\"@type\":\"ListItem\",\"position\":1,\"name\":\"Anasayfa\",\"item\":\"https:\/\/mryed.com\/\"},{\"@type\":\"ListItem\",\"position\":2,\"name\":\"Ana Sayfa\"}]},{\"@type\":\"WebSite\",\"@id\":\"https:\/\/mryed.com\/#website\",\"url\":\"https:\/\/mryed.com\/\",\"name\":\"Yunus Emre\",\"description\":\"Software Engineer\",\"publisher\":{\"@id\":\"https:\/\/mryed.com\/#\/schema\/person\/4bb44b3409df8d51fc489343880ffea1\"},\"potentialAction\":[{\"@type\":\"SearchAction\",\"target\":{\"@type\":\"EntryPoint\",\"urlTemplate\":\"https:\/\/mryed.com\/?s={search_term_string}\"},\"query-input\":{\"@type\":\"PropertyValueSpecification\",\"valueRequired\":true,\"valueName\":\"search_term_string\"}}],\"inLanguage\":\"en-US\"},{\"@type\":[\"Person\",\"Organization\"],\"@id\":\"https:\/\/mryed.com\/#\/schema\/person\/4bb44b3409df8d51fc489343880ffea1\",\"name\":\"Mr.YED\",\"image\":{\"@type\":\"ImageObject\",\"inLanguage\":\"en-US\",\"@id\":\"https:\/\/mryed.com\/wp-content\/uploads\/2021\/03\/yunus-emre-demirel.png\",\"url\":\"https:\/\/mryed.com\/wp-content\/uploads\/2021\/03\/yunus-emre-demirel.png\",\"contentUrl\":\"https:\/\/mryed.com\/wp-content\/uploads\/2021\/03\/yunus-emre-demirel.png\",\"width\":360,\"height\":360,\"caption\":\"Mr.YED\"},\"logo\":{\"@id\":\"https:\/\/mryed.com\/wp-content\/uploads\/2021\/03\/yunus-emre-demirel.png\"},\"description\":\"Mobil, web ve Microsoft tabanl\u0131 uygulamalar geli\u015ftiren bir yaz\u0131l\u0131m m\u00fchendisiyim. Kariyerim boyunca farkl\u0131 sekt\u00f6rlerde edindi\u011fim deneyimlerle \u00f6zellikle Power Platform, Power Apps, Power Automate ve kurumsal s\u00fcre\u00e7 otomasyonu konular\u0131nda uzmanla\u015ft\u0131m. Bu blogda yaz\u0131l\u0131m geli\u015ftirme, otomasyon ve Microsoft teknolojileri \u00fczerine edindi\u011fim tecr\u00fcbeleri payla\u015f\u0131yorum.\",\"sameAs\":[\"http:\/\/mryed.com\",\"https:\/\/www.linkedin.com\/in\/yunus-emre-demirel\/\"]}]}<\/script>\n<!-- \/ Yoast SEO plugin. -->","yoast_head_json":{"title":"Yunus Emre Demirel - Ki\u015fisel Web Sitesi - MR.YED","description":"Ben Yunus Emre Demirel. Yaz\u0131lar payla\u015farak kendime notlar al\u0131yorum . Notlar\u0131mdan faydalanabilir, hakk\u0131mda sayfas\u0131ndan beni tan\u0131yabilirsiniz.","robots":{"index":"index","follow":"follow","max-snippet":"max-snippet:-1","max-image-preview":"max-image-preview:large","max-video-preview":"max-video-preview:-1"},"canonical":"https:\/\/mryed.com\/en\/","og_locale":"en_US","og_type":"article","og_title":"Yunus Emre Demirel - Ki\u015fisel Web Sitesi - MR.YED","og_description":"Ben Yunus Emre Demirel. Yaz\u0131lar payla\u015farak kendime notlar al\u0131yorum . Notlar\u0131mdan faydalanabilir, hakk\u0131mda sayfas\u0131ndan beni tan\u0131yabilirsiniz.","og_url":"https:\/\/mryed.com\/en\/","og_site_name":"Yunus Emre","article_modified_time":"2021-03-26T20:50:49+00:00","og_image":[{"width":512,"height":512,"url":"https:\/\/mryed.com\/wp-content\/uploads\/2021\/03\/cropped-mryed-site-icon.png","type":"image\/png"}],"twitter_card":"summary_large_image","schema":{"@context":"https:\/\/schema.org","@graph":[{"@type":"WebPage","@id":"https:\/\/mryed.com\/","url":"https:\/\/mryed.com\/","name":"Yunus Emre Demirel - Ki\u015fisel Web Sitesi - MR.YED","isPartOf":{"@id":"https:\/\/mryed.com\/#website"},"datePublished":"2021-03-08T12:51:00+00:00","dateModified":"2021-03-26T20:50:49+00:00","description":"Ben Yunus Emre Demirel. Yaz\u0131lar payla\u015farak kendime notlar al\u0131yorum . Notlar\u0131mdan faydalanabilir, hakk\u0131mda sayfas\u0131ndan beni tan\u0131yabilirsiniz.","breadcrumb":{"@id":"https:\/\/mryed.com\/#breadcrumb"},"inLanguage":"en-US","potentialAction":[{"@type":"ReadAction","target":["https:\/\/mryed.com\/"]}]},{"@type":"BreadcrumbList","@id":"https:\/\/mryed.com\/#breadcrumb","itemListElement":[{"@type":"ListItem","position":1,"name":"Anasayfa","item":"https:\/\/mryed.com\/"},{"@type":"ListItem","position":2,"name":"Ana Sayfa"}]},{"@type":"WebSite","@id":"https:\/\/mryed.com\/#website","url":"https:\/\/mryed.com\/","name":"Yunus Emre","description":"Software Engineer","publisher":{"@id":"https:\/\/mryed.com\/#\/schema\/person\/4bb44b3409df8d51fc489343880ffea1"},"potentialAction":[{"@type":"SearchAction","target":{"@type":"EntryPoint","urlTemplate":"https:\/\/mryed.com\/?s={search_term_string}"},"query-input":{"@type":"PropertyValueSpecification","valueRequired":true,"valueName":"search_term_string"}}],"inLanguage":"en-US"},{"@type":["Person","Organization"],"@id":"https:\/\/mryed.com\/#\/schema\/person\/4bb44b3409df8d51fc489343880ffea1","name":"Mr.YED","image":{"@type":"ImageObject","inLanguage":"en-US","@id":"https:\/\/mryed.com\/wp-content\/uploads\/2021\/03\/yunus-emre-demirel.png","url":"https:\/\/mryed.com\/wp-content\/uploads\/2021\/03\/yunus-emre-demirel.png","contentUrl":"https:\/\/mryed.com\/wp-content\/uploads\/2021\/03\/yunus-emre-demirel.png","width":360,"height":360,"caption":"Mr.YED"},"logo":{"@id":"https:\/\/mryed.com\/wp-content\/uploads\/2021\/03\/yunus-emre-demirel.png"},"description":"I am a software engineer who develops mobile, web, and Microsoft-based applications. Throughout my career, I have gained experience in various industries and specialized in Power Platform, Power Apps, Power Automate, and enterprise process automation. In this blog, I share my experiences in software development, automation, and Microsoft technologies.","sameAs":["http:\/\/mryed.com","https:\/\/www.linkedin.com\/in\/yunus-emre-demirel\/"]}]}},"_links":{"self":[{"href":"https:\/\/mryed.com\/en\/wp-json\/wp\/v2\/pages\/6","targetHints":{"allow":["GET"]}}],"collection":[{"href":"https:\/\/mryed.com\/en\/wp-json\/wp\/v2\/pages"}],"about":[{"href":"https:\/\/mryed.com\/en\/wp-json\/wp\/v2\/types\/page"}],"author":[{"embeddable":true,"href":"https:\/\/mryed.com\/en\/wp-json\/wp\/v2\/users\/1"}],"replies":[{"embeddable":true,"href":"https:\/\/mryed.com\/en\/wp-json\/wp\/v2\/comments?post=6"}],"version-history":[{"count":3,"href":"https:\/\/mryed.com\/en\/wp-json\/wp\/v2\/pages\/6\/revisions"}],"predecessor-version":[{"id":283,"href":"https:\/\/mryed.com\/en\/wp-json\/wp\/v2\/pages\/6\/revisions\/283"}],"wp:attachment":[{"href":"https:\/\/mryed.com\/en\/wp-json\/wp\/v2\/media?parent=6"}],"curies":[{"name":"wp","href":"https:\/\/api.w.org\/{rel}","templated":true}]}}