{"id":108,"date":"2021-03-11T12:15:12","date_gmt":"2021-03-11T12:15:12","guid":{"rendered":"http:\/\/mryed.com\/?page_id=108"},"modified":"2022-06-12T23:06:14","modified_gmt":"2022-06-12T20:06:14","slug":"iletisim","status":"publish","type":"page","link":"https:\/\/mryed.com\/en\/iletisim\/","title":{"rendered":"Contact"},"content":{"rendered":"<div data-elementor-type=\"wp-page\" data-elementor-id=\"108\" class=\"elementor elementor-108\" data-elementor-settings=\"[]\">\n\t\t\t\t\t\t<div class=\"elementor-inner\">\n\t\t\t\t\t\t\t<div class=\"elementor-section-wrap\">\n\t\t\t\t\t\t\t<section class=\"elementor-section elementor-top-section elementor-element elementor-element-c5d60da elementor-section-boxed elementor-section-height-default elementor-section-height-default\" data-id=\"c5d60da\" data-element_type=\"section\">\n\t\t\t\t\t\t<div class=\"elementor-container elementor-column-gap-default\">\n\t\t\t\t\t\t\t<div class=\"elementor-row\">\n\t\t\t\t\t<div class=\"elementor-column elementor-col-33 elementor-top-column elementor-element elementor-element-f95ba90\" data-id=\"f95ba90\" data-element_type=\"column\">\n\t\t\t<div class=\"elementor-column-wrap elementor-element-populated\">\n\t\t\t\t\t\t\t<div class=\"elementor-widget-wrap\">\n\t\t\t\t\t\t<div class=\"elementor-element elementor-element-20d201e elementor-widget elementor-widget-breezycv-info-block\" data-id=\"20d201e\" data-element_type=\"widget\" data-widget_type=\"breezycv-info-block.default\">\n\t\t\t\t<div class=\"elementor-widget-container\">\n\t\t\t\t\t<div class=\"lm-info-block gray-default\">\n\t        <i class=\"lnr lnr-map-marker\"><\/i>\n\t        <h4><\/h4>\n\t        <span class=\"lm-info-block-text\">\u0130zmir<\/span>\n\t    <\/div>\n\n\t    \t\t<\/div>\n\t\t\t\t<\/div>\n\t\t\t\t<div class=\"elementor-element elementor-element-d90b8a5 elementor-widget elementor-widget-breezycv-info-block\" data-id=\"d90b8a5\" data-element_type=\"widget\" data-widget_type=\"breezycv-info-block.default\">\n\t\t\t\t<div class=\"elementor-widget-container\">\n\t\t\t\t\t<div class=\"lm-info-block gray-default\">\n\t        <i class=\"lnr lnr-phone-handset\"><\/i>\n\t        <h4><\/h4>\n\t        <span class=\"lm-info-block-text\">0507 648 61 19<\/span>\n\t    <\/div>\n\n\t    \t\t<\/div>\n\t\t\t\t<\/div>\n\t\t\t\t<div class=\"elementor-element elementor-element-100ba65 elementor-widget elementor-widget-breezycv-info-block\" data-id=\"100ba65\" data-element_type=\"widget\" data-widget_type=\"breezycv-info-block.default\">\n\t\t\t\t<div class=\"elementor-widget-container\">\n\t\t\t\t\t<div class=\"lm-info-block gray-default\">\n\t        <i class=\"lnr lnr-envelope\"><\/i>\n\t        <h4><\/h4>\n\t        <span class=\"lm-info-block-text\">bilgi@mryed.com<\/span>\n\t    <\/div>\n\n\t    \t\t<\/div>\n\t\t\t\t<\/div>\n\t\t\t\t<div class=\"elementor-element elementor-element-d305522 elementor-widget elementor-widget-breezycv-info-block\" data-id=\"d305522\" data-element_type=\"widget\" data-widget_type=\"breezycv-info-block.default\">\n\t\t\t\t<div class=\"elementor-widget-container\">\n\t\t\t\t\t<div class=\"lm-info-block gray-default\">\n\t        <i class=\"lnr lnr-checkmark-circle\"><\/i>\n\t        <h4><\/h4>\n\t        <span class=\"lm-info-block-text\">Social Medya<\/span>\n\t    <\/div>\n\n\t    \t\t<\/div>\n\t\t\t\t<\/div>\n\t\t\t\t\t\t<\/div>\n\t\t\t\t\t<\/div>\n\t\t<\/div>\n\t\t\t\t<div class=\"elementor-column elementor-col-66 elementor-top-column elementor-element elementor-element-dd169e5\" data-id=\"dd169e5\" data-element_type=\"column\">\n\t\t\t<div class=\"elementor-column-wrap elementor-element-populated\">\n\t\t\t\t\t\t\t<div class=\"elementor-widget-wrap\">\n\t\t\t\t\t\t<div class=\"elementor-element elementor-element-8f3c38b elementor-widget elementor-widget-breezycv-block-title\" data-id=\"8f3c38b\" data-element_type=\"widget\" data-widget_type=\"breezycv-block-title.default\">\n\t\t\t\t<div class=\"elementor-widget-container\">\n\t\t\t<div class=\"block-title\"><h2>Write <span>To Me<\/span><\/h2><\/div>\t\t<\/div>\n\t\t\t\t<\/div>\n\t\t\t\t<div class=\"elementor-element elementor-element-cd090d9 elementor-widget elementor-widget-spacer\" data-id=\"cd090d9\" data-element_type=\"widget\" data-widget_type=\"spacer.default\">\n\t\t\t\t<div class=\"elementor-widget-container\">\n\t\t\t\t\t<div class=\"elementor-spacer\">\n\t\t\t<div class=\"elementor-spacer-inner\"><\/div>\n\t\t<\/div>\n\t\t\t\t<\/div>\n\t\t\t\t<\/div>\n\t\t\t\t<div class=\"elementor-element elementor-element-afbe591 elementor-widget elementor-widget-breezycv-contact-form-simple\" data-id=\"afbe591\" data-element_type=\"widget\" data-widget_type=\"breezycv-contact-form-simple.default\">\n\t\t\t\t<div class=\"elementor-widget-container\">\n\t\t\t\n\t\t\t<form id=\"contact_form_69f22694ac5a1\" class=\"contact-form\" action=\"#\" method=\"post\" data-trp-original-action=\"#\">\n\n\t\t\t\t<div class=\"messages\"><\/div>\n\n\t\t\t\t<div class=\"controls two-columns\">\n\t\t\t\t\t<div class=\"fields clearfix\">\n\t\t\t\t\t\t<div class=\"left-column\">\n\t\t\t\t\t\t\t<div class=\"form-group form-group-with-icon\">\n\t\t\t\t\t\t\t\t<input id=\"form_name\" type=\"text\" name=\"name\" class=\"form-control\" placeholder=\"\" required=\"required\" data-error=\"ismini girmelisin.\">\n\t\t\t\t\t\t\t\t<label>Ad - Soyad<\/label>\n\t\t\t\t\t\t\t\t<div class=\"form-control-border\"><\/div>\n\t\t\t\t\t\t\t\t<div class=\"help-block with-errors\"><\/div>\n\t\t\t\t\t\t\t<\/div>\n\n\t\t\t\t\t\t\t<div class=\"form-group form-group-with-icon\">\n\t\t\t\t\t\t\t\t<input id=\"form_email\" type=\"email\" name=\"email\" class=\"form-control\" placeholder=\"\" required=\"required\" data-error=\"E-posta adresini kontrol et.\">\n\t\t\t\t\t\t\t\t<label>E-Posta<\/label>\n\t\t\t\t\t\t\t\t<div class=\"form-control-border\"><\/div>\n\t\t\t\t\t\t\t\t<div class=\"help-block with-errors\"><\/div>\n\t\t\t\t\t\t\t<\/div>\n\n\t\t\t\t\t\t\t<div class=\"form-group form-group-with-icon\">\n\t\t\t\t\t\t\t\t<input id=\"form_subject\" type=\"text\" name=\"subject\" class=\"form-control\" placeholder=\"\" required=\"required\" data-error=\"Konu gerekli.\">\n\t\t\t\t\t\t\t\t<label>Konu<\/label>\n\t\t\t\t\t\t\t\t<div class=\"form-control-border\"><\/div>\n\t\t\t\t\t\t\t\t<div class=\"help-block with-errors\"><\/div>\n\t\t\t\t\t\t\t<\/div>\n\t\t\t\t\t\t<\/div>\n\t\t\t\t\t\t<div class=\"right-column\">\n\t\t\t\t\t\t\t<div class=\"form-group form-group-with-icon\">\n\t\t\t\t\t\t\t\t<textarea id=\"form_message\" name=\"message\" class=\"form-control\" placeholder=\"\" rows=\"7\" required=\"required\" data-error=\"Beni arayabilirsin.\"><\/textarea>\n\t\t\t\t\t\t\t\t<label>Mesaj<\/label>\n\t\t\t\t\t\t\t\t<div class=\"form-control-border\"><\/div>\n\t\t\t\t\t\t\t\t<div class=\"help-block with-errors\"><\/div>\n\t\t\t\t\t\t\t<\/div>\n\t\t\t\t\t\t<\/div>\n\t\t\t\t\t<\/div>\n\n\t\t\t\t\t\n\t\t\t\t\t\t\t\t\t\t\t\t\t\t\t\t\t\t\t<div class=\"g-recaptcha\" data-sitekey=\"6LdqmCAUAAAAAMMNEZvn6g4W5e0or2sZmAVpxVqI\"><\/div>\n\t\t\t\t\t\t\t\n\t\t\t\t\t<input type=\"submit\" class=\"button btn-send\" value=\"ilet\">\n\t\t\t\t<\/div>\n\t\t\t<input type=\"hidden\" name=\"trp-form-language\" value=\"en\"\/><\/form>\n\n\t\t\t\t\t<\/div>\n\t\t\t\t<\/div>\n\t\t\t\t\t\t<\/div>\n\t\t\t\t\t<\/div>\n\t\t<\/div>\n\t\t\t\t\t\t\t\t<\/div>\n\t\t\t\t\t<\/div>\n\t\t<\/section>\n\t\t\t\t\t\t<\/div>\n\t\t\t\t\t\t<\/div>\n\t\t\t\t\t<\/div>","protected":false},"excerpt":{"rendered":"<p>\u0130zmir 0507 648 61 19 bilgi@mryed.com Sosyal Medya Bana Yazabilirsin Ad &#8211; Soyad E-Posta Konu Mesaj<\/p>","protected":false},"author":1,"featured_media":0,"parent":0,"menu_order":0,"comment_status":"closed","ping_status":"closed","template":"","meta":{"footnotes":""},"class_list":["post-108","page","type-page","status-publish","hentry"],"yoast_head":"<!-- This site is optimized with the Yoast SEO plugin v27.3 - https:\/\/yoast.com\/product\/yoast-seo-wordpress\/ -->\n<title>\u0130leti\u015fim - Yunus Emre<\/title>\n<meta name=\"robots\" content=\"index, follow, max-snippet:-1, max-image-preview:large, max-video-preview:-1\" \/>\n<link rel=\"canonical\" href=\"https:\/\/mryed.com\/en\/iletisim\/\" \/>\n<meta property=\"og:locale\" content=\"en_US\" \/>\n<meta property=\"og:type\" content=\"article\" \/>\n<meta property=\"og:title\" content=\"\u0130leti\u015fim - Yunus Emre\" \/>\n<meta property=\"og:description\" content=\"\u0130zmir 0507 648 61 19 bilgi@mryed.com Sosyal Medya Bana Yazabilirsin Ad &#8211; Soyad E-Posta Konu Mesaj\" \/>\n<meta property=\"og:url\" content=\"https:\/\/mryed.com\/en\/iletisim\/\" \/>\n<meta property=\"og:site_name\" content=\"Yunus Emre\" \/>\n<meta property=\"article:modified_time\" content=\"2022-06-12T20:06:14+00:00\" \/>\n<meta property=\"og:image\" content=\"https:\/\/mryed.com\/wp-content\/uploads\/2021\/03\/cropped-mryed-site-icon.png\" \/>\n\t<meta property=\"og:image:width\" content=\"512\" \/>\n\t<meta property=\"og:image:height\" content=\"512\" \/>\n\t<meta property=\"og:image:type\" content=\"image\/png\" \/>\n<meta name=\"twitter:card\" content=\"summary_large_image\" \/>\n<meta name=\"twitter:label1\" content=\"Est. reading time\" \/>\n\t<meta name=\"twitter:data1\" content=\"1 minute\" \/>\n<script type=\"application\/ld+json\" class=\"yoast-schema-graph\">{\"@context\":\"https:\\\/\\\/schema.org\",\"@graph\":[{\"@type\":\"WebPage\",\"@id\":\"https:\\\/\\\/mryed.com\\\/iletisim\\\/\",\"url\":\"https:\\\/\\\/mryed.com\\\/iletisim\\\/\",\"name\":\"\u0130leti\u015fim - Yunus Emre\",\"isPartOf\":{\"@id\":\"https:\\\/\\\/mryed.com\\\/#website\"},\"datePublished\":\"2021-03-11T12:15:12+00:00\",\"dateModified\":\"2022-06-12T20:06:14+00:00\",\"breadcrumb\":{\"@id\":\"https:\\\/\\\/mryed.com\\\/iletisim\\\/#breadcrumb\"},\"inLanguage\":\"en-US\",\"potentialAction\":[{\"@type\":\"ReadAction\",\"target\":[\"https:\\\/\\\/mryed.com\\\/iletisim\\\/\"]}]},{\"@type\":\"BreadcrumbList\",\"@id\":\"https:\\\/\\\/mryed.com\\\/iletisim\\\/#breadcrumb\",\"itemListElement\":[{\"@type\":\"ListItem\",\"position\":1,\"name\":\"Anasayfa\",\"item\":\"https:\\\/\\\/mryed.com\\\/\"},{\"@type\":\"ListItem\",\"position\":2,\"name\":\"\u0130leti\u015fim\"}]},{\"@type\":\"WebSite\",\"@id\":\"https:\\\/\\\/mryed.com\\\/#website\",\"url\":\"https:\\\/\\\/mryed.com\\\/\",\"name\":\"Yunus Emre\",\"description\":\"Software Engineer\",\"publisher\":{\"@id\":\"https:\\\/\\\/mryed.com\\\/#\\\/schema\\\/person\\\/4bb44b3409df8d51fc489343880ffea1\"},\"potentialAction\":[{\"@type\":\"SearchAction\",\"target\":{\"@type\":\"EntryPoint\",\"urlTemplate\":\"https:\\\/\\\/mryed.com\\\/?s={search_term_string}\"},\"query-input\":{\"@type\":\"PropertyValueSpecification\",\"valueRequired\":true,\"valueName\":\"search_term_string\"}}],\"inLanguage\":\"en-US\"},{\"@type\":[\"Person\",\"Organization\"],\"@id\":\"https:\\\/\\\/mryed.com\\\/#\\\/schema\\\/person\\\/4bb44b3409df8d51fc489343880ffea1\",\"name\":\"Mr.YED\",\"image\":{\"@type\":\"ImageObject\",\"inLanguage\":\"en-US\",\"@id\":\"https:\\\/\\\/mryed.com\\\/wp-content\\\/uploads\\\/2021\\\/03\\\/yunus-emre-demirel.png\",\"url\":\"https:\\\/\\\/mryed.com\\\/wp-content\\\/uploads\\\/2021\\\/03\\\/yunus-emre-demirel.png\",\"contentUrl\":\"https:\\\/\\\/mryed.com\\\/wp-content\\\/uploads\\\/2021\\\/03\\\/yunus-emre-demirel.png\",\"width\":360,\"height\":360,\"caption\":\"Mr.YED\"},\"logo\":{\"@id\":\"https:\\\/\\\/mryed.com\\\/wp-content\\\/uploads\\\/2021\\\/03\\\/yunus-emre-demirel.png\"},\"description\":\"Mobil, web ve Microsoft tabanl\u0131 uygulamalar geli\u015ftiren bir yaz\u0131l\u0131m m\u00fchendisiyim. Kariyerim boyunca farkl\u0131 sekt\u00f6rlerde edindi\u011fim deneyimlerle \u00f6zellikle Power Platform, Power Apps, Power Automate ve kurumsal s\u00fcre\u00e7 otomasyonu konular\u0131nda uzmanla\u015ft\u0131m. Bu blogda yaz\u0131l\u0131m geli\u015ftirme, otomasyon ve Microsoft teknolojileri \u00fczerine edindi\u011fim tecr\u00fcbeleri payla\u015f\u0131yorum.\",\"sameAs\":[\"http:\\\/\\\/mryed.com\",\"https:\\\/\\\/www.linkedin.com\\\/in\\\/yunus-emre-demirel\\\/\"]}]}<\/script>\n<!-- \/ Yoast SEO plugin. -->","yoast_head_json":{"title":"\u0130leti\u015fim - Yunus Emre","robots":{"index":"index","follow":"follow","max-snippet":"max-snippet:-1","max-image-preview":"max-image-preview:large","max-video-preview":"max-video-preview:-1"},"canonical":"https:\/\/mryed.com\/en\/iletisim\/","og_locale":"en_US","og_type":"article","og_title":"\u0130leti\u015fim - Yunus Emre","og_description":"\u0130zmir 0507 648 61 19 bilgi@mryed.com Sosyal Medya Bana Yazabilirsin Ad &#8211; Soyad E-Posta Konu Mesaj","og_url":"https:\/\/mryed.com\/en\/iletisim\/","og_site_name":"Yunus Emre","article_modified_time":"2022-06-12T20:06:14+00:00","og_image":[{"width":512,"height":512,"url":"https:\/\/mryed.com\/wp-content\/uploads\/2021\/03\/cropped-mryed-site-icon.png","type":"image\/png"}],"twitter_card":"summary_large_image","twitter_misc":{"Est. reading time":"1 minute"},"schema":{"@context":"https:\/\/schema.org","@graph":[{"@type":"WebPage","@id":"https:\/\/mryed.com\/iletisim\/","url":"https:\/\/mryed.com\/iletisim\/","name":"\u0130leti\u015fim - Yunus Emre","isPartOf":{"@id":"https:\/\/mryed.com\/#website"},"datePublished":"2021-03-11T12:15:12+00:00","dateModified":"2022-06-12T20:06:14+00:00","breadcrumb":{"@id":"https:\/\/mryed.com\/iletisim\/#breadcrumb"},"inLanguage":"en-US","potentialAction":[{"@type":"ReadAction","target":["https:\/\/mryed.com\/iletisim\/"]}]},{"@type":"BreadcrumbList","@id":"https:\/\/mryed.com\/iletisim\/#breadcrumb","itemListElement":[{"@type":"ListItem","position":1,"name":"Anasayfa","item":"https:\/\/mryed.com\/"},{"@type":"ListItem","position":2,"name":"\u0130leti\u015fim"}]},{"@type":"WebSite","@id":"https:\/\/mryed.com\/#website","url":"https:\/\/mryed.com\/","name":"Yunus Emre","description":"Software Engineer","publisher":{"@id":"https:\/\/mryed.com\/#\/schema\/person\/4bb44b3409df8d51fc489343880ffea1"},"potentialAction":[{"@type":"SearchAction","target":{"@type":"EntryPoint","urlTemplate":"https:\/\/mryed.com\/?s={search_term_string}"},"query-input":{"@type":"PropertyValueSpecification","valueRequired":true,"valueName":"search_term_string"}}],"inLanguage":"en-US"},{"@type":["Person","Organization"],"@id":"https:\/\/mryed.com\/#\/schema\/person\/4bb44b3409df8d51fc489343880ffea1","name":"Mr.YED","image":{"@type":"ImageObject","inLanguage":"en-US","@id":"https:\/\/mryed.com\/wp-content\/uploads\/2021\/03\/yunus-emre-demirel.png","url":"https:\/\/mryed.com\/wp-content\/uploads\/2021\/03\/yunus-emre-demirel.png","contentUrl":"https:\/\/mryed.com\/wp-content\/uploads\/2021\/03\/yunus-emre-demirel.png","width":360,"height":360,"caption":"Mr.YED"},"logo":{"@id":"https:\/\/mryed.com\/wp-content\/uploads\/2021\/03\/yunus-emre-demirel.png"},"description":"I am a software engineer who develops mobile, web, and Microsoft-based applications. Throughout my career, I have gained experience in various industries and specialized in Power Platform, Power Apps, Power Automate, and enterprise process automation. In this blog, I share my experiences in software development, automation, and Microsoft technologies.","sameAs":["http:\/\/mryed.com","https:\/\/www.linkedin.com\/in\/yunus-emre-demirel\/"]}]}},"_links":{"self":[{"href":"https:\/\/mryed.com\/en\/wp-json\/wp\/v2\/pages\/108","targetHints":{"allow":["GET"]}}],"collection":[{"href":"https:\/\/mryed.com\/en\/wp-json\/wp\/v2\/pages"}],"about":[{"href":"https:\/\/mryed.com\/en\/wp-json\/wp\/v2\/types\/page"}],"author":[{"embeddable":true,"href":"https:\/\/mryed.com\/en\/wp-json\/wp\/v2\/users\/1"}],"replies":[{"embeddable":true,"href":"https:\/\/mryed.com\/en\/wp-json\/wp\/v2\/comments?post=108"}],"version-history":[{"count":3,"href":"https:\/\/mryed.com\/en\/wp-json\/wp\/v2\/pages\/108\/revisions"}],"predecessor-version":[{"id":550,"href":"https:\/\/mryed.com\/en\/wp-json\/wp\/v2\/pages\/108\/revisions\/550"}],"wp:attachment":[{"href":"https:\/\/mryed.com\/en\/wp-json\/wp\/v2\/media?parent=108"}],"curies":[{"name":"wp","href":"https:\/\/api.w.org\/{rel}","templated":true}]}}